{"id":59511,"date":"2023-11-14T11:26:00","date_gmt":"2023-11-14T10:26:00","guid":{"rendered":"https:\/\/www.fondazionesancarlo.it\/collegio\/chi-siamo\/storia\/"},"modified":"2025-05-13T09:32:21","modified_gmt":"2025-05-13T07:32:21","slug":"storia","status":"publish","type":"page","link":"https:\/\/www.fondazionesancarlo.it\/collegio\/chi-siamo\/storia\/","title":{"rendered":"Storia"},"content":{"rendered":"<!-- intro -->\r\n<section class=\"blockType-text section-margin-t  animateEl\" data-animate=\"fadeIn\" data-duration=\"1s\" data-delay=\".5s\">\r\n  <div class=\"container g-0\">\r\n    <div class=\"row align-items-center titleRow maxWidthBlock-rew\">\r\n      <div class=\"col-12\">\r\n        <h1 class=\"mainTitle\">Storia<\/h1>\r\n        <h2 class=\"secondTitle-rew\"><\/h2>\r\n        <div class=\"wrapText\">\r\n          <p>Nel\u00a0<strong>novembre del 1626<\/strong>\u00a0Paolo Boschetti, conte e sacerdote modenese, istitu\u00ec un luogo per l\u2019educazione di cavalieri e gentiluomini. La formazione si concretizzava nella scuola interna, nello studio delle arti e delle scienze (incluse le lingue straniere) e in attivit\u00e0 fisiche. Lunga la lista di personalit\u00e0 che frequent\u00f2 il Collegio, tra cui \u2013 per citarne alcuni \u2013\u00a0 Camillo Molza, Bonaventura Corti, Lazzaro Spallanzani, Ippolito Pindemonte.<br>Con la fine del \u2018700, nel grande sconvolgimento culturale che segna l\u2019intera Europa,\u00a0<strong>il Collegio apr\u00ec le proprie porte anche a studenti che non provenivano da famiglie nobili<\/strong>, conservando per\u00f2 l\u2019originaria vocazione, continuando a dedicarsi a quanti avrebbero formato\u00a0<strong>la classe dirigente della societ\u00e0<\/strong>. Nel 1862 le scuole vennero parificate a quelle governative, iniziando cos\u00ec un cammino che un secolo dopo avrebbe trasferito allo Stato la\u00a0competenza in materia di istruzione (1970). Ma il Collegio non cess\u00f2 di esistere modificando la propria natura ed assumendo la funzione di Collegio universitario: continuando a perseguire l\u2019originaria missione educativa con nuovi strumenti;\u00a0formazione\u00a0ed\u00a0educazione<strong>\u00a0<\/strong>sono da sempre parole cruciali nella storia del Collegio.<br>\u00a0<br>Obiettivo generale del Collegio e della Fondazione \u00e8 di coniugare tradizione e novit\u00e0.<br>\u00a0<br>Lo studente percepisce la presenza di entrambi gli elementi semplicemente percorrendo i corridoi e le stanze del Palazzo, camminando attraverso la Sala dei Cardinali e giungendo alla moderna palestra. Caratteristica portante della vocazione formativa \u00e8 l\u2019instaurazione di un vero e proprio patto tra l\u2019istituzione e lo studente, fondato certamente sulle regole formali, ma focalizzate molto pi\u00f9 sulla disponibilit\u00e0 a capirsi e a coinvolgersi vicendevolmente.<br>Ultimo, ma non per importanza,\u00a0<strong>il riconoscimento dei meriti<\/strong>\u00a0\u00e8 uno dei valori centrali di orientamento dell\u2019attivit\u00e0 del Collegio. Tanto la qualit\u00e0 dello studio, attestata dai risultati accademici, quanto la capacit\u00e0 di vivere in comunit\u00e0 e di confrontarsi con gli altri studenti, sono le basi pi\u00f9 solide per\u00a0<strong>un percorso di crescita, di apertura delle vedute, di maturazione<\/strong>.<\/p>\r\n        <\/div>\r\n      <\/div>\r\n    <\/div>\r\n  <\/div>\r\n<\/section>\n\n<!-- aicodgallery -->\r\n<section class=\"blockType-masonry  \" >\r\n  <div class=\"container\">\r\n        <div class=\"row it-masonry\" data-bs-toggle=\"masonry\">\r\n          <!--<div class=\"col-sm-6 col-lg-4 mb-4 animateEl\" data-animate=\"fadeIn\" data-duration=\"1s\" data-delay=\"0.5\">-->\r\n      <div class=\"col-sm-6 col-lg-4 mb-4 animateEl\" data-animate=\"fadeIn\" data-duration=\"1s\" data-delay=\"0.5\">\r\n        <div class=\"it-grid-item-wrapper\">\r\n          <div class=\"img-responsive-wrapper\">\r\n            <div class=\"img-responsive\">\r\n              <div class=\"img-wrapper\">\r\n                <a href=\"https:\/\/www.fondazionesancarlo.it\/collegio\/wp-content\/uploads\/2023\/12\/Storia-FSC.jpg\" data-lightbox=\"g1test\">\r\n                  <img decoding=\"async\" src=\"https:\/\/www.fondazionesancarlo.it\/collegio\/wp-content\/uploads\/2023\/11\/Sede.jpg\"  loading=\"lazy\">\r\n                <\/a>\r\n              <\/div>\r\n            <\/div>\r\n          <\/div>\r\n        <\/div>\r\n      <\/div>\r\n              <!--<div class=\"col-sm-6 col-lg-4 mb-4 animateEl\" data-animate=\"fadeIn\" data-duration=\"1s\" data-delay=\"1.5\">-->\r\n      <div class=\"col-sm-6 col-lg-4 mb-4 animateEl\" data-animate=\"fadeIn\" data-duration=\"1s\" data-delay=\"0.5\">\r\n        <div class=\"it-grid-item-wrapper\">\r\n          <div class=\"img-responsive-wrapper\">\r\n            <div class=\"img-responsive\">\r\n              <div class=\"img-wrapper\">\r\n                <a href=\"https:\/\/www.fondazionesancarlo.it\/collegio\/wp-content\/uploads\/2023\/12\/Storia.jpg\" data-lightbox=\"g1test\">\r\n                  <img decoding=\"async\" src=\"https:\/\/www.fondazionesancarlo.it\/collegio\/wp-content\/uploads\/2023\/11\/Chi-siamo-4.jpg\"  loading=\"lazy\">\r\n                <\/a>\r\n              <\/div>\r\n            <\/div>\r\n          <\/div>\r\n        <\/div>\r\n      <\/div>\r\n              <!--<div class=\"col-sm-6 col-lg-4 mb-4 animateEl\" data-animate=\"fadeIn\" data-duration=\"1s\" data-delay=\"2.5\">-->\r\n      <div class=\"col-sm-6 col-lg-4 mb-4 animateEl\" data-animate=\"fadeIn\" data-duration=\"1s\" data-delay=\"0.5\">\r\n        <div class=\"it-grid-item-wrapper\">\r\n          <div class=\"img-responsive-wrapper\">\r\n            <div class=\"img-responsive\">\r\n              <div class=\"img-wrapper\">\r\n                <a href=\"https:\/\/www.fondazionesancarlo.it\/collegio\/wp-content\/uploads\/2023\/12\/Storia-Collegio.jpg\" data-lightbox=\"g1test\">\r\n                  <img decoding=\"async\" src=\"https:\/\/www.fondazionesancarlo.it\/collegio\/wp-content\/uploads\/2023\/11\/Sede1.jpg\"  loading=\"lazy\">\r\n                <\/a>\r\n              <\/div>\r\n            <\/div>\r\n          <\/div>\r\n        <\/div>\r\n      <\/div>\r\n              <!--<div class=\"col-sm-6 col-lg-4 mb-4 animateEl\" data-animate=\"fadeIn\" data-duration=\"1s\" data-delay=\"3.5\">-->\r\n      <div class=\"col-sm-6 col-lg-4 mb-4 animateEl\" data-animate=\"fadeIn\" data-duration=\"1s\" data-delay=\"0.5\">\r\n        <div class=\"it-grid-item-wrapper\">\r\n          <div class=\"img-responsive-wrapper\">\r\n            <div class=\"img-responsive\">\r\n              <div class=\"img-wrapper\">\r\n                <a href=\"https:\/\/www.fondazionesancarlo.it\/collegio\/wp-content\/uploads\/2023\/12\/Collegio-Storia.jpg\" data-lightbox=\"g1test\">\r\n                  <img decoding=\"async\" src=\"https:\/\/www.fondazionesancarlo.it\/collegio\/wp-content\/uploads\/2023\/11\/Sede3.jpg\"  loading=\"lazy\">\r\n                <\/a>\r\n              <\/div>\r\n            <\/div>\r\n          <\/div>\r\n        <\/div>\r\n      <\/div>\r\n              <!--<div class=\"col-sm-6 col-lg-4 mb-4 animateEl\" data-animate=\"fadeIn\" data-duration=\"1s\" data-delay=\"4.5\">-->\r\n      <div class=\"col-sm-6 col-lg-4 mb-4 animateEl\" data-animate=\"fadeIn\" data-duration=\"1s\" data-delay=\"0.5\">\r\n        <div class=\"it-grid-item-wrapper\">\r\n          <div class=\"img-responsive-wrapper\">\r\n            <div class=\"img-responsive\">\r\n              <div class=\"img-wrapper\">\r\n                <a href=\"https:\/\/www.fondazionesancarlo.it\/collegio\/wp-content\/uploads\/2023\/12\/FSC-Collegio-Storia.jpg\" data-lightbox=\"g1test\">\r\n                  <img decoding=\"async\" src=\"https:\/\/www.fondazionesancarlo.it\/collegio\/wp-content\/uploads\/2023\/11\/sede4.jpg\"  loading=\"lazy\">\r\n                <\/a>\r\n              <\/div>\r\n            <\/div>\r\n          <\/div>\r\n        <\/div>\r\n      <\/div>\r\n              <!--<div class=\"col-sm-6 col-lg-4 mb-4 animateEl\" data-animate=\"fadeIn\" data-duration=\"1s\" data-delay=\"5.5\">-->\r\n      <div class=\"col-sm-6 col-lg-4 mb-4 animateEl\" data-animate=\"fadeIn\" data-duration=\"1s\" data-delay=\"0.5\">\r\n        <div class=\"it-grid-item-wrapper\">\r\n          <div class=\"img-responsive-wrapper\">\r\n            <div class=\"img-responsive\">\r\n              <div class=\"img-wrapper\">\r\n                <a href=\"https:\/\/www.fondazionesancarlo.it\/collegio\/wp-content\/uploads\/2024\/04\/Storia.jpg\" data-lightbox=\"g1test\">\r\n                  <img decoding=\"async\" src=\"https:\/\/www.fondazionesancarlo.it\/collegio\/wp-content\/uploads\/2024\/04\/Storia.jpg\"  loading=\"lazy\">\r\n                <\/a>\r\n              <\/div>\r\n            <\/div>\r\n          <\/div>\r\n        <\/div>\r\n      <\/div>\r\n            \r\n    <\/div>\r\n  <\/div>\r\n<\/section>","protected":false},"excerpt":{"rendered":"","protected":false},"author":4,"featured_media":0,"parent":59501,"menu_order":4,"comment_status":"closed","ping_status":"closed","template":"","meta":{"footnotes":""},"acf":[],"yoast_head":"<!-- This site is optimized with the Yoast SEO plugin v21.5 - https:\/\/yoast.com\/wordpress\/plugins\/seo\/ -->\n<title>Storia - Collegio Fondazione San Carlo<\/title>\n<meta name=\"description\" content=\"Scopri la storia esclusiva del Collegio e della Fondazione San Carlo.\" \/>\n<meta name=\"robots\" content=\"index, follow, max-snippet:-1, max-image-preview:large, max-video-preview:-1\" \/>\n<link rel=\"canonical\" href=\"https:\/\/www.fondazionesancarlo.it\/collegio\/chi-siamo\/storia\/\" \/>\n<meta property=\"og:locale\" content=\"it_IT\" \/>\n<meta property=\"og:type\" content=\"article\" \/>\n<meta property=\"og:title\" content=\"Storia - Collegio Fondazione San Carlo\" \/>\n<meta property=\"og:description\" content=\"Scopri la storia esclusiva del Collegio e della Fondazione San Carlo.\" \/>\n<meta property=\"og:url\" content=\"https:\/\/www.fondazionesancarlo.it\/collegio\/chi-siamo\/storia\/\" \/>\n<meta property=\"og:site_name\" content=\"Collegio Fondazione San Carlo\" \/>\n<meta property=\"article:modified_time\" content=\"2025-05-13T07:32:21+00:00\" \/>\n<meta name=\"twitter:card\" content=\"summary_large_image\" \/>\n<script type=\"application\/ld+json\" class=\"yoast-schema-graph\">{\"@context\":\"https:\/\/schema.org\",\"@graph\":[{\"@type\":\"WebPage\",\"@id\":\"https:\/\/www.fondazionesancarlo.it\/collegio\/chi-siamo\/storia\/\",\"url\":\"https:\/\/www.fondazionesancarlo.it\/collegio\/chi-siamo\/storia\/\",\"name\":\"Storia - Collegio Fondazione San Carlo\",\"isPartOf\":{\"@id\":\"https:\/\/www.fondazionesancarlo.it\/collegio\/#website\"},\"datePublished\":\"2023-11-14T10:26:00+00:00\",\"dateModified\":\"2025-05-13T07:32:21+00:00\",\"description\":\"Scopri la storia esclusiva del Collegio e della Fondazione San Carlo.\",\"breadcrumb\":{\"@id\":\"https:\/\/www.fondazionesancarlo.it\/collegio\/chi-siamo\/storia\/#breadcrumb\"},\"inLanguage\":\"it-IT\",\"potentialAction\":[{\"@type\":\"ReadAction\",\"target\":[\"https:\/\/www.fondazionesancarlo.it\/collegio\/chi-siamo\/storia\/\"]}]},{\"@type\":\"BreadcrumbList\",\"@id\":\"https:\/\/www.fondazionesancarlo.it\/collegio\/chi-siamo\/storia\/#breadcrumb\",\"itemListElement\":[{\"@type\":\"ListItem\",\"position\":1,\"name\":\"Home\",\"item\":\"https:\/\/www.fondazionesancarlo.it\/collegio\/\"},{\"@type\":\"ListItem\",\"position\":2,\"name\":\"Chi siamo\",\"item\":\"https:\/\/www.fondazionesancarlo.it\/collegio\/chi-siamo\/\"},{\"@type\":\"ListItem\",\"position\":3,\"name\":\"Storia\"}]},{\"@type\":\"WebSite\",\"@id\":\"https:\/\/www.fondazionesancarlo.it\/collegio\/#website\",\"url\":\"https:\/\/www.fondazionesancarlo.it\/collegio\/\",\"name\":\"Collegio Fondazione San Carlo\",\"description\":\"\",\"potentialAction\":[{\"@type\":\"SearchAction\",\"target\":{\"@type\":\"EntryPoint\",\"urlTemplate\":\"https:\/\/www.fondazionesancarlo.it\/collegio\/?s={search_term_string}\"},\"query-input\":\"required name=search_term_string\"}],\"inLanguage\":\"it-IT\"}]}<\/script>\n<!-- \/ Yoast SEO plugin. -->","yoast_head_json":{"title":"Storia - Collegio Fondazione San Carlo","description":"Scopri la storia esclusiva del Collegio e della Fondazione San Carlo.","robots":{"index":"index","follow":"follow","max-snippet":"max-snippet:-1","max-image-preview":"max-image-preview:large","max-video-preview":"max-video-preview:-1"},"canonical":"https:\/\/www.fondazionesancarlo.it\/collegio\/chi-siamo\/storia\/","og_locale":"it_IT","og_type":"article","og_title":"Storia - Collegio Fondazione San Carlo","og_description":"Scopri la storia esclusiva del Collegio e della Fondazione San Carlo.","og_url":"https:\/\/www.fondazionesancarlo.it\/collegio\/chi-siamo\/storia\/","og_site_name":"Collegio Fondazione San Carlo","article_modified_time":"2025-05-13T07:32:21+00:00","twitter_card":"summary_large_image","schema":{"@context":"https:\/\/schema.org","@graph":[{"@type":"WebPage","@id":"https:\/\/www.fondazionesancarlo.it\/collegio\/chi-siamo\/storia\/","url":"https:\/\/www.fondazionesancarlo.it\/collegio\/chi-siamo\/storia\/","name":"Storia - Collegio Fondazione San Carlo","isPartOf":{"@id":"https:\/\/www.fondazionesancarlo.it\/collegio\/#website"},"datePublished":"2023-11-14T10:26:00+00:00","dateModified":"2025-05-13T07:32:21+00:00","description":"Scopri la storia esclusiva del Collegio e della Fondazione San Carlo.","breadcrumb":{"@id":"https:\/\/www.fondazionesancarlo.it\/collegio\/chi-siamo\/storia\/#breadcrumb"},"inLanguage":"it-IT","potentialAction":[{"@type":"ReadAction","target":["https:\/\/www.fondazionesancarlo.it\/collegio\/chi-siamo\/storia\/"]}]},{"@type":"BreadcrumbList","@id":"https:\/\/www.fondazionesancarlo.it\/collegio\/chi-siamo\/storia\/#breadcrumb","itemListElement":[{"@type":"ListItem","position":1,"name":"Home","item":"https:\/\/www.fondazionesancarlo.it\/collegio\/"},{"@type":"ListItem","position":2,"name":"Chi siamo","item":"https:\/\/www.fondazionesancarlo.it\/collegio\/chi-siamo\/"},{"@type":"ListItem","position":3,"name":"Storia"}]},{"@type":"WebSite","@id":"https:\/\/www.fondazionesancarlo.it\/collegio\/#website","url":"https:\/\/www.fondazionesancarlo.it\/collegio\/","name":"Collegio Fondazione San Carlo","description":"","potentialAction":[{"@type":"SearchAction","target":{"@type":"EntryPoint","urlTemplate":"https:\/\/www.fondazionesancarlo.it\/collegio\/?s={search_term_string}"},"query-input":"required name=search_term_string"}],"inLanguage":"it-IT"}]}},"_links":{"self":[{"href":"https:\/\/www.fondazionesancarlo.it\/collegio\/wp-json\/wp\/v2\/pages\/59511"}],"collection":[{"href":"https:\/\/www.fondazionesancarlo.it\/collegio\/wp-json\/wp\/v2\/pages"}],"about":[{"href":"https:\/\/www.fondazionesancarlo.it\/collegio\/wp-json\/wp\/v2\/types\/page"}],"author":[{"embeddable":true,"href":"https:\/\/www.fondazionesancarlo.it\/collegio\/wp-json\/wp\/v2\/users\/4"}],"replies":[{"embeddable":true,"href":"https:\/\/www.fondazionesancarlo.it\/collegio\/wp-json\/wp\/v2\/comments?post=59511"}],"version-history":[{"count":16,"href":"https:\/\/www.fondazionesancarlo.it\/collegio\/wp-json\/wp\/v2\/pages\/59511\/revisions"}],"predecessor-version":[{"id":61853,"href":"https:\/\/www.fondazionesancarlo.it\/collegio\/wp-json\/wp\/v2\/pages\/59511\/revisions\/61853"}],"up":[{"embeddable":true,"href":"https:\/\/www.fondazionesancarlo.it\/collegio\/wp-json\/wp\/v2\/pages\/59501"}],"wp:attachment":[{"href":"https:\/\/www.fondazionesancarlo.it\/collegio\/wp-json\/wp\/v2\/media?parent=59511"}],"curies":[{"name":"wp","href":"https:\/\/api.w.org\/{rel}","templated":true}]}}