{"id":59881,"date":"2023-11-28T17:00:56","date_gmt":"2023-11-28T16:00:56","guid":{"rendered":"https:\/\/www.fondazionesancarlo.it\/collegio\/?page_id=59881"},"modified":"2025-05-07T16:52:16","modified_gmt":"2025-05-07T14:52:16","slug":"periodico-5","status":"publish","type":"page","link":"https:\/\/www.fondazionesancarlo.it\/collegio\/i-nostri-progetti\/periodico-5\/","title":{"rendered":"Periodico 5"},"content":{"rendered":"<!-- intro -->\r\n<section class=\"blockType-text section-margin-t  animateEl\" data-animate=\"fadeIn\" data-duration=\"1s\" data-delay=\".5s\">\r\n  <div class=\"container g-0\">\r\n    <div class=\"row align-items-center titleRow maxWidthBlock-rew\">\r\n      <div class=\"col-12\">\r\n        <h1 class=\"mainTitle\">Periodico 5<\/h1>\r\n        <h2 class=\"secondTitle-rew\"><\/h2>\r\n        <div class=\"wrapText\">\r\n          <p>Il\u00a0Collegio promuove tra i suoi studenti la ricerca di\u00a0linguaggi espressivi originali e nuove forme di comunicazione.<br><br>Con questo intento ha\u00a0dato alle stampe\u00a0<em>Periodico 5<\/em>, la rivista interamente ideata e realizzata dai collegiali, che si sono fatti portavoce della loro comunit\u00e0 e hanno voluto raccontare se stessi e il mondo che li circonda senza filtri, con coraggio e creativit\u00e0. Il linguaggio scelto \u00e8 quello della \u201cFanzine\u201d, la forma pi\u00f9 libera e anticonformista del mondo dell\u2019editoria indipendente. In questo modo, hanno potuto cimentarsi in un\u2019avventura fuori dagli schemi per raccontare un punto di vista \u201cgenerazionale\u201d singolare e appassionante, anche al di fuori dei loro percorsi universitari.<br><br>Sotto la guida esperta di Alessandro \u201cJumbo\u201d Manfredini, grafico e\u00a0<em>art director<\/em>\u00a0che ha supervisionato la redazione, gli studenti hanno impresso su carta il loro quotidiano, le passioni, gli umori e tutto ci\u00f2 che intendono mettere in discussione rispetto alla societ\u00e0 contemporanea.\u00a0I primi due numeri sono stati distribuiti con\u00a0<em>La\u00a0Gazzetta di Modena<\/em>\u00a0a dicembre 2021 e giugno 2022.<br><br>Il progetto\u00a0rientra nel\u00a0<a href=\"https:\/\/lab2026.fondazionesancarlo.it\/\" target=\"_blank\" rel=\"noreferrer noopener\">Laboratorio duemilaventisei<\/a>, il percorso partecipato della Fondazione Collegio San Carlo per riflettere sul passato, il presente e il futuro della sua missione educativa in vista dei suoi quattrocento anni di storia.<\/p>\r\n        <\/div>\r\n      <\/div>\r\n    <\/div>\r\n  <\/div>\r\n<\/section>\n\n<!-- box -->\r\n  <section id=\"69fb7ff9eb85e\"  class=\"box blockType-text  section-margin-t  \">\r\n    <div class=\"container g-0\">\r\n      <div class=\"row align-items-center titleRow maxWidthBlock-rew\">\r\n        <div class=\"col-12\">\r\n          \n\n<figure class=\"wp-block-embed is-type-rich is-provider-issuu wp-block-embed-issuu\"><div class=\"wp-block-embed__wrapper\">\n<div data-url=\"https:\/\/issuu.com\/fondazionesancarlo\/docs\/fanzine_fsc_nr0_def\" style=\"width: 500px; height: 354px;\" class=\"issuuembed\"><\/div><script type=\"text\/javascript\" src=\"\/\/e.issuu.com\/embed.js\" async=\"true\"><\/script>\n<\/div><\/figure>\n\n\n\n<figure class=\"wp-block-embed is-type-rich is-provider-issuu wp-block-embed-issuu\"><div class=\"wp-block-embed__wrapper\">\n<div data-url=\"https:\/\/issuu.com\/fondazionesancarlo\/docs\/n.1_fznfsc_def\" style=\"width: 500px; height: 351px;\" class=\"issuuembed\"><\/div><script type=\"text\/javascript\" src=\"\/\/e.issuu.com\/embed.js\" async=\"true\"><\/script>\n<\/div><\/figure>\n\n\n\n<figure class=\"wp-block-embed is-type-rich is-provider-issuu wp-block-embed-issuu\"><div class=\"wp-block-embed__wrapper\">\n<div data-url=\"https:\/\/issuu.com\/fondazionesancarlo\/docs\/periodico_5_numero_speciale_slf_22\" style=\"width: 500px; height: 354px;\" class=\"issuuembed\"><\/div><script type=\"text\/javascript\" src=\"\/\/e.issuu.com\/embed.js\" async=\"true\"><\/script>\n<\/div><\/figure>\n\n        <\/div>\r\n      <\/div>\r\n    <\/div>\r\n  <\/section>\r\n  \n\n<!-- box -->\r\n  <section id=\"69fb7ff9ebe3b\"  class=\"box blockType-text  \">\r\n    <div class=\"container g-0\">\r\n      <div class=\"row align-items-center titleRow maxWidthBlock-rew\">\r\n        <div class=\"col-12\">\r\n          \n<a  target=\"_blank\"  class=\"btn btn-outline btn-fsc btn-fsc-outline text-uppercase\" href=\"https:\/\/www.fondazionesancarlo.it\/wp-content\/uploads\/2023\/10\/Periodico5_Generazioni.pdf\">Periodico5 &#8211; Generazioni<\/a>\n        <\/div>\r\n      <\/div>\r\n    <\/div>\r\n  <\/section>\r\n  ","protected":false},"excerpt":{"rendered":"","protected":false},"author":5,"featured_media":25,"parent":59879,"menu_order":1,"comment_status":"closed","ping_status":"closed","template":"","meta":{"footnotes":""},"acf":[],"yoast_head":"<!-- This site is optimized with the Yoast SEO plugin v21.5 - https:\/\/yoast.com\/wordpress\/plugins\/seo\/ -->\n<title>Periodico 5 - Collegio Fondazione San Carlo<\/title>\n<meta name=\"description\" content=\"Periodico 5, la rivista interamente ideata e realizzata dai collegiali, che si sono fatti portavoce della loro comunit\u00e0.\" \/>\n<meta name=\"robots\" content=\"index, follow, max-snippet:-1, max-image-preview:large, max-video-preview:-1\" \/>\n<link rel=\"canonical\" href=\"https:\/\/www.fondazionesancarlo.it\/collegio\/i-nostri-progetti\/periodico-5\/\" \/>\n<meta property=\"og:locale\" content=\"it_IT\" \/>\n<meta property=\"og:type\" content=\"article\" \/>\n<meta property=\"og:title\" content=\"Periodico 5 - Collegio Fondazione San Carlo\" \/>\n<meta property=\"og:description\" content=\"Periodico 5, la rivista interamente ideata e realizzata dai collegiali, che si sono fatti portavoce della loro comunit\u00e0.\" \/>\n<meta property=\"og:url\" content=\"https:\/\/www.fondazionesancarlo.it\/collegio\/i-nostri-progetti\/periodico-5\/\" \/>\n<meta property=\"og:site_name\" content=\"Collegio Fondazione San Carlo\" \/>\n<meta property=\"article:modified_time\" content=\"2025-05-07T14:52:16+00:00\" \/>\n<meta property=\"og:image\" content=\"https:\/\/www.fondazionesancarlo.it\/collegio\/wp-content\/uploads\/2023\/10\/Collegio-FSC-fromtop.jpg\" \/>\n\t<meta property=\"og:image:width\" content=\"1920\" \/>\n\t<meta property=\"og:image:height\" content=\"1080\" \/>\n\t<meta property=\"og:image:type\" content=\"image\/jpeg\" \/>\n<meta name=\"twitter:card\" content=\"summary_large_image\" \/>\n<meta name=\"twitter:label1\" content=\"Tempo di lettura stimato\" \/>\n\t<meta name=\"twitter:data1\" content=\"1 minuto\" \/>\n<script type=\"application\/ld+json\" class=\"yoast-schema-graph\">{\"@context\":\"https:\/\/schema.org\",\"@graph\":[{\"@type\":\"WebPage\",\"@id\":\"https:\/\/www.fondazionesancarlo.it\/collegio\/i-nostri-progetti\/periodico-5\/\",\"url\":\"https:\/\/www.fondazionesancarlo.it\/collegio\/i-nostri-progetti\/periodico-5\/\",\"name\":\"Periodico 5 - Collegio Fondazione San Carlo\",\"isPartOf\":{\"@id\":\"https:\/\/www.fondazionesancarlo.it\/collegio\/#website\"},\"datePublished\":\"2023-11-28T16:00:56+00:00\",\"dateModified\":\"2025-05-07T14:52:16+00:00\",\"description\":\"Periodico 5, la rivista interamente ideata e realizzata dai collegiali, che si sono fatti portavoce della loro comunit\u00e0.\",\"breadcrumb\":{\"@id\":\"https:\/\/www.fondazionesancarlo.it\/collegio\/i-nostri-progetti\/periodico-5\/#breadcrumb\"},\"inLanguage\":\"it-IT\",\"potentialAction\":[{\"@type\":\"ReadAction\",\"target\":[\"https:\/\/www.fondazionesancarlo.it\/collegio\/i-nostri-progetti\/periodico-5\/\"]}]},{\"@type\":\"BreadcrumbList\",\"@id\":\"https:\/\/www.fondazionesancarlo.it\/collegio\/i-nostri-progetti\/periodico-5\/#breadcrumb\",\"itemListElement\":[{\"@type\":\"ListItem\",\"position\":1,\"name\":\"Home\",\"item\":\"https:\/\/www.fondazionesancarlo.it\/collegio\/\"},{\"@type\":\"ListItem\",\"position\":2,\"name\":\"I nostri progetti\",\"item\":\"https:\/\/www.fondazionesancarlo.it\/collegio\/?page_id=59879\"},{\"@type\":\"ListItem\",\"position\":3,\"name\":\"Periodico 5\"}]},{\"@type\":\"WebSite\",\"@id\":\"https:\/\/www.fondazionesancarlo.it\/collegio\/#website\",\"url\":\"https:\/\/www.fondazionesancarlo.it\/collegio\/\",\"name\":\"Collegio Fondazione San Carlo\",\"description\":\"\",\"potentialAction\":[{\"@type\":\"SearchAction\",\"target\":{\"@type\":\"EntryPoint\",\"urlTemplate\":\"https:\/\/www.fondazionesancarlo.it\/collegio\/?s={search_term_string}\"},\"query-input\":\"required name=search_term_string\"}],\"inLanguage\":\"it-IT\"}]}<\/script>\n<!-- \/ Yoast SEO plugin. -->","yoast_head_json":{"title":"Periodico 5 - Collegio Fondazione San Carlo","description":"Periodico 5, la rivista interamente ideata e realizzata dai collegiali, che si sono fatti portavoce della loro comunit\u00e0.","robots":{"index":"index","follow":"follow","max-snippet":"max-snippet:-1","max-image-preview":"max-image-preview:large","max-video-preview":"max-video-preview:-1"},"canonical":"https:\/\/www.fondazionesancarlo.it\/collegio\/i-nostri-progetti\/periodico-5\/","og_locale":"it_IT","og_type":"article","og_title":"Periodico 5 - Collegio Fondazione San Carlo","og_description":"Periodico 5, la rivista interamente ideata e realizzata dai collegiali, che si sono fatti portavoce della loro comunit\u00e0.","og_url":"https:\/\/www.fondazionesancarlo.it\/collegio\/i-nostri-progetti\/periodico-5\/","og_site_name":"Collegio Fondazione San Carlo","article_modified_time":"2025-05-07T14:52:16+00:00","og_image":[{"width":1920,"height":1080,"url":"https:\/\/www.fondazionesancarlo.it\/collegio\/wp-content\/uploads\/2023\/10\/Collegio-FSC-fromtop.jpg","type":"image\/jpeg"}],"twitter_card":"summary_large_image","twitter_misc":{"Tempo di lettura stimato":"1 minuto"},"schema":{"@context":"https:\/\/schema.org","@graph":[{"@type":"WebPage","@id":"https:\/\/www.fondazionesancarlo.it\/collegio\/i-nostri-progetti\/periodico-5\/","url":"https:\/\/www.fondazionesancarlo.it\/collegio\/i-nostri-progetti\/periodico-5\/","name":"Periodico 5 - Collegio Fondazione San Carlo","isPartOf":{"@id":"https:\/\/www.fondazionesancarlo.it\/collegio\/#website"},"datePublished":"2023-11-28T16:00:56+00:00","dateModified":"2025-05-07T14:52:16+00:00","description":"Periodico 5, la rivista interamente ideata e realizzata dai collegiali, che si sono fatti portavoce della loro comunit\u00e0.","breadcrumb":{"@id":"https:\/\/www.fondazionesancarlo.it\/collegio\/i-nostri-progetti\/periodico-5\/#breadcrumb"},"inLanguage":"it-IT","potentialAction":[{"@type":"ReadAction","target":["https:\/\/www.fondazionesancarlo.it\/collegio\/i-nostri-progetti\/periodico-5\/"]}]},{"@type":"BreadcrumbList","@id":"https:\/\/www.fondazionesancarlo.it\/collegio\/i-nostri-progetti\/periodico-5\/#breadcrumb","itemListElement":[{"@type":"ListItem","position":1,"name":"Home","item":"https:\/\/www.fondazionesancarlo.it\/collegio\/"},{"@type":"ListItem","position":2,"name":"I nostri progetti","item":"https:\/\/www.fondazionesancarlo.it\/collegio\/?page_id=59879"},{"@type":"ListItem","position":3,"name":"Periodico 5"}]},{"@type":"WebSite","@id":"https:\/\/www.fondazionesancarlo.it\/collegio\/#website","url":"https:\/\/www.fondazionesancarlo.it\/collegio\/","name":"Collegio Fondazione San Carlo","description":"","potentialAction":[{"@type":"SearchAction","target":{"@type":"EntryPoint","urlTemplate":"https:\/\/www.fondazionesancarlo.it\/collegio\/?s={search_term_string}"},"query-input":"required name=search_term_string"}],"inLanguage":"it-IT"}]}},"_links":{"self":[{"href":"https:\/\/www.fondazionesancarlo.it\/collegio\/wp-json\/wp\/v2\/pages\/59881"}],"collection":[{"href":"https:\/\/www.fondazionesancarlo.it\/collegio\/wp-json\/wp\/v2\/pages"}],"about":[{"href":"https:\/\/www.fondazionesancarlo.it\/collegio\/wp-json\/wp\/v2\/types\/page"}],"author":[{"embeddable":true,"href":"https:\/\/www.fondazionesancarlo.it\/collegio\/wp-json\/wp\/v2\/users\/5"}],"replies":[{"embeddable":true,"href":"https:\/\/www.fondazionesancarlo.it\/collegio\/wp-json\/wp\/v2\/comments?post=59881"}],"version-history":[{"count":10,"href":"https:\/\/www.fondazionesancarlo.it\/collegio\/wp-json\/wp\/v2\/pages\/59881\/revisions"}],"predecessor-version":[{"id":61750,"href":"https:\/\/www.fondazionesancarlo.it\/collegio\/wp-json\/wp\/v2\/pages\/59881\/revisions\/61750"}],"up":[{"embeddable":true,"href":"https:\/\/www.fondazionesancarlo.it\/collegio\/wp-json\/wp\/v2\/pages\/59879"}],"wp:featuredmedia":[{"embeddable":true,"href":"https:\/\/www.fondazionesancarlo.it\/collegio\/wp-json\/wp\/v2\/media\/25"}],"wp:attachment":[{"href":"https:\/\/www.fondazionesancarlo.it\/collegio\/wp-json\/wp\/v2\/media?parent=59881"}],"curies":[{"name":"wp","href":"https:\/\/api.w.org\/{rel}","templated":true}]}}